{"id":183,"date":"2023-03-12T14:59:18","date_gmt":"2023-03-12T13:59:18","guid":{"rendered":"https:\/\/pierremisiuk.fr\/?page_id=183"},"modified":"2026-03-12T15:49:42","modified_gmt":"2026-03-12T14:49:42","slug":"confidentialite","status":"publish","type":"page","link":"https:\/\/pierremisiuk.fr\/index.php\/confidentialite\/","title":{"rendered":"Politique de confidentialit\u00e9"},"content":{"rendered":"\n<hr class=\"wp-block-separator has-text-color has-vivid-red-color has-alpha-channel-opacity has-vivid-red-background-color has-background is-style-default\"\/>\n\n\n\n<p>Nous attachons une grande importance \u00e0 la protection de la vie priv\u00e9e de nos visiteurs. Cette politique de confidentialit\u00e9 d\u00e9crit comment nous recueillons, utilisons et prot\u00e9geons les informations personnelles que vous nous fournissez.<\/p>\n\n\n\n<h2 class=\"wp-block-heading has-text-align-center has-vivid-red-color has-text-color has-medium-font-size\">Collecte d&rsquo;informations personnelles<\/h2>\n\n\n\n<p>Lorsque vous visitez notre site portfolio, nous ne collectons aucune information personnelle identifiable, sauf si vous nous les fournissez volontairement, par exemple en nous envoyant un message via notre formulaire de contact.<\/p>\n\n\n\n<h2 class=\"wp-block-heading has-text-align-center has-vivid-red-color has-text-color has-medium-font-size\">Utilisation des informations personnelles<\/h2>\n\n\n\n<p>Nous ne partageons pas les informations personnelles que vous nous fournissez avec des tiers. Nous utilisons ces informations uniquement pour r\u00e9pondre \u00e0 votre demande de contact ou pour vous fournir les informations que vous avez demand\u00e9es.<\/p>\n\n\n\n<h2 class=\"wp-block-heading has-text-align-center has-vivid-red-color has-text-color has-medium-font-size\">Protection des informations personnelles<\/h2>\n\n\n\n<p>Nous prenons des mesures raisonnables pour prot\u00e9ger les informations personnelles que vous nous fournissez contre tout acc\u00e8s, utilisation ou divulgation non autoris\u00e9s.<\/p>\n\n\n\n<h2 class=\"wp-block-heading has-text-align-center has-vivid-red-color has-text-color has-medium-font-size\">Cookies<\/h2>\n\n\n\n<p>Notre site portfolio n&rsquo;utilise pas de cookies pour collecter des informations sur les visiteurs.<\/p>\n\n\n\n<h2 class=\"wp-block-heading has-text-align-center has-vivid-red-color has-text-color has-medium-font-size\">Liens vers d&rsquo;autres sites<\/h2>\n\n\n\n<p>Notre site portfolio peut contenir des liens vers d&rsquo;autres sites. Nous ne sommes pas responsables des pratiques de confidentialit\u00e9 ou du contenu de ces sites. Nous vous recommandons de lire les politiques de confidentialit\u00e9 de ces sites avant de leur fournir des informations personnelles.<\/p>\n\n\n\n<h2 class=\"wp-block-heading has-text-align-center has-vivid-red-color has-text-color has-medium-font-size\">Modification de la politique de confidentialit\u00e9<\/h2>\n\n\n\n<p>Nous nous r\u00e9servons le droit de modifier cette politique de confidentialit\u00e9 \u00e0 tout moment. Toutes les modifications seront affich\u00e9es sur cette page.<\/p>\n\n\n\n<h2 class=\"wp-block-heading has-text-align-center has-vivid-red-color has-text-color has-medium-font-size\">Contact<\/h2>\n\n\n\n<p>Si vous avez des questions sur cette politique de confidentialit\u00e9, n&rsquo;h\u00e9sitez pas \u00e0 nous contacter \u00e0 l&rsquo;aide du formulaire de contact sur notre site portfolio.<\/p>\n\n\n\n<p>Derni\u00e8re mise \u00e0 jour : 12\/03\/2023<\/p>\n\n\n<p>[matomo_opt_out language=fr]<\/p>\n\n\n\n<div style=\"height:65px\" aria-hidden=\"true\" class=\"wp-block-spacer\"><\/div>\n","protected":false},"excerpt":{"rendered":"<p>Nous attachons une grande importance \u00e0 la protection de la vie priv\u00e9e de nos visiteurs. Cette politique de confidentialit\u00e9 d\u00e9crit comment nous recueillons, utilisons et prot\u00e9geons les informations personnelles que vous nous fournissez. Collecte d&rsquo;informations personnelles Lorsque vous visitez notre site portfolio, nous ne collectons aucune information personnelle identifiable, sauf si vous nous les fournissez [&hellip;]<\/p>\n","protected":false},"author":2,"featured_media":0,"parent":0,"menu_order":0,"comment_status":"closed","ping_status":"closed","template":"","meta":{"footnotes":""},"class_list":["post-183","page","type-page","status-publish","hentry"],"_links":{"self":[{"href":"https:\/\/pierremisiuk.fr\/index.php\/wp-json\/wp\/v2\/pages\/183","targetHints":{"allow":["GET"]}}],"collection":[{"href":"https:\/\/pierremisiuk.fr\/index.php\/wp-json\/wp\/v2\/pages"}],"about":[{"href":"https:\/\/pierremisiuk.fr\/index.php\/wp-json\/wp\/v2\/types\/page"}],"author":[{"embeddable":true,"href":"https:\/\/pierremisiuk.fr\/index.php\/wp-json\/wp\/v2\/users\/2"}],"replies":[{"embeddable":true,"href":"https:\/\/pierremisiuk.fr\/index.php\/wp-json\/wp\/v2\/comments?post=183"}],"version-history":[{"count":8,"href":"https:\/\/pierremisiuk.fr\/index.php\/wp-json\/wp\/v2\/pages\/183\/revisions"}],"predecessor-version":[{"id":714,"href":"https:\/\/pierremisiuk.fr\/index.php\/wp-json\/wp\/v2\/pages\/183\/revisions\/714"}],"wp:attachment":[{"href":"https:\/\/pierremisiuk.fr\/index.php\/wp-json\/wp\/v2\/media?parent=183"}],"curies":[{"name":"wp","href":"https:\/\/api.w.org\/{rel}","templated":true}]}}