{"id":23,"date":"2021-12-01T18:26:30","date_gmt":"2021-12-01T17:26:30","guid":{"rendered":"http:\/\/pierremisiuk.fr\/index.php\/portfolio\/"},"modified":"2026-04-15T15:00:46","modified_gmt":"2026-04-15T13:00:46","slug":"portfolio","status":"publish","type":"page","link":"https:\/\/pierremisiuk.fr\/","title":{"rendered":"A propos de moi"},"content":{"rendered":"\n<hr class=\"wp-block-separator has-text-color has-vivid-red-color has-css-opacity has-vivid-red-background-color has-background is-style-wide\"\/>\n\n\n\n<div class=\"wp-block-columns is-layout-flex wp-container-core-columns-is-layout-9d6595d7 wp-block-columns-is-layout-flex\">\n<div class=\"wp-block-column is-vertically-aligned-center is-layout-flow wp-block-column-is-layout-flow\"><div class=\"wp-block-image wp-block-image size-full is-resized is-style-rounded\">\n<figure class=\"aligncenter\"><img loading=\"lazy\" decoding=\"async\" width=\"388\" height=\"388\" src=\"https:\/\/pierremisiuk.fr\/wp-content\/uploads\/2026\/03\/1729581111094.jpg\" alt=\"\" class=\"wp-image-813\" style=\"width:294px;height:auto\"\/><\/figure>\n<\/div><\/div>\n\n\n\n<div class=\"wp-block-column is-layout-flow wp-block-column-is-layout-flow\">\n<figure class=\"wp-block-pullquote is-style-default has-black-color has-text-color\"><blockquote><p><strong>Ing\u00e9nieur en informatique et \u00e9lectronique \u00e2g\u00e9 de 24 ans, je suis passionn\u00e9 par les nouvelles technologies, le crossfit et la conqu\u00eate spatiale. <\/strong><br><strong>J&rsquo;aspire \u00e0 mettre en pratique les connaissances que j&rsquo;ai acquises au cours de ma formation afin de faire progresser les outils informatiques au sein des entreprises.<\/strong><\/p><\/blockquote><\/figure>\n<\/div>\n<\/div>\n\n\n\n<div class=\"wp-block-buttons has-custom-font-size has-small-font-size is-horizontal is-content-justification-center is-layout-flex wp-container-core-buttons-is-layout-499968f5 wp-block-buttons-is-layout-flex\">\n<div class=\"wp-block-button is-style-outline is-style-outline--1\"><a class=\"wp-block-button__link wp-element-button\" href=\"https:\/\/pierremisiuk.fr\/wp-content\/uploads\/2026\/01\/CV.pdf\" target=\"_blank\" rel=\"noreferrer noopener\">CV<\/a><\/div>\n\n\n\n<div class=\"wp-block-button is-style-outline is-style-outline--2\"><a class=\"wp-block-button__link wp-element-button\" href=\"tel:0626785748\">\ud83d\udcf1<\/a><\/div>\n\n\n\n<div class=\"wp-block-button is-style-outline is-style-outline--3\"><a class=\"wp-block-button__link wp-element-button\" href=\"mailto:misiuk.pierre@gmail.com\">\ud83d\udce7<\/a><\/div>\n\n\n\n<div class=\"wp-block-button is-style-outline is-style-outline--4\"><a class=\"wp-block-button__link wp-element-button\" href=\"https:\/\/github.com\/zuce68\" target=\"_blank\" rel=\"noreferrer noopener\">GITHUB<\/a><\/div>\n<\/div>\n\n\n\n<div style=\"height:30px\" aria-hidden=\"true\" class=\"wp-block-spacer\"><\/div>\n\n\n\n<hr class=\"wp-block-separator has-text-color has-vivid-red-color has-alpha-channel-opacity has-vivid-red-background-color has-background is-style-wide\"\/>\n\n\n\n<div style=\"height:30px\" aria-hidden=\"true\" class=\"wp-block-spacer\"><\/div>\n\n\n<div id=\"skillbar_straight\" style=\"padding:10px 0;\">\n\n    <div class=\"skillbar clearfix\" data-percent=\"70%\" style=\"background: #eeeeee;\">\r\n\t\t\t\t<div class=\"skillbar-title\" style=\"background: #FF4C4C !important;\"><span>CODESYS<\/span><\/div>\r\n\t\t\t\t<div class=\"skillbar-bar\" style=\"background: #FF4C4C;\"><\/div>\r\n\t\t\t\t<div class=\"skill-bar-percent\">70%<\/div>\r\n\t\t\t<\/div>\n\n    <div class=\"skillbar clearfix\" data-percent=\"85%\" style=\"background: #eeeeee;\">\r\n\t\t\t\t<div class=\"skillbar-title\" style=\"background: #fa6e6e !important;\"><span>Python\/C#<\/span><\/div>\r\n\t\t\t\t<div class=\"skillbar-bar\" style=\"background: #fa6e6e;\"><\/div>\r\n\t\t\t\t<div class=\"skill-bar-percent\">85%<\/div>\r\n\t\t\t<\/div>\n\n    <div class=\"skillbar clearfix\" data-percent=\"85%\" style=\"background: #eeeeee;\">\r\n\t\t\t\t<div class=\"skillbar-title\" style=\"background: #FF7F7F !important;\"><span>WordPress<\/span><\/div>\r\n\t\t\t\t<div class=\"skillbar-bar\" style=\"background: #FF7F7F;\"><\/div>\r\n\t\t\t\t<div class=\"skill-bar-percent\">85%<\/div>\r\n\t\t\t<\/div>\n\n    <div class=\"skillbar clearfix\" data-percent=\"50%\" style=\"background: #eeeeee;\">\r\n\t\t\t\t<div class=\"skillbar-title\" style=\"background: #FFCCCC !important;\"><span>C\/C++<\/span><\/div>\r\n\t\t\t\t<div class=\"skillbar-bar\" style=\"background: #FFCCCC;\"><\/div>\r\n\t\t\t\t<div class=\"skill-bar-percent\">50%<\/div>\r\n\t\t\t<\/div>\n\n\n<div style=\"clear:both;\"><\/div>\n<\/div>\n<div style=\"clear:both; height:10px; overflow:hidden;\"><\/div>\n<style type=\"text\/css\">.skillbar-title{font-size:15px;color:#000;}.skill-bar-percent{font-size:15px;color:#336699;}<\/style><script>\r\n\t\t\t\tfunction sbar(){\r\n\t\t\t\t\tjQuery(\".skillbar\").each(function(){\r\n\t\t\t\t\t\tjQuery(this).find(\".skillbar-bar\").animate({\r\n\t\t\t\t\t\t\twidth:jQuery(this).attr(\"data-percent\")\r\n\t\t\t\t\t\t},3000);\r\n\t\t\t\t\t});\t\r\n\t\t\t\t}\r\n\t\t\t\tif ( jQuery(\"#skillbar_straight\").next().is(\":appeared\") ){\r\n\t\t\t\t\tsbar();\r\n\t\t\t\t} else {\r\n\t\t\t\t\tjQuery( window ).scroll(function() {\r\n\t\t\t\t\t\tif ( jQuery(\"#skillbar_straight\").next().is(\":appeared\") ){\r\n\t\t\t\t\t\t\tsbar();\r\n\t\t\t\t\t\t}\r\n\t\t\t\t\t});\r\n\t\t\t\t}\r\n\t\t\t\t<\/script>\n\n\n\n<div style=\"height:30px\" aria-hidden=\"true\" class=\"wp-block-spacer\"><\/div>\n\n\n\n<hr class=\"wp-block-separator has-text-color has-vivid-red-color has-alpha-channel-opacity has-vivid-red-background-color has-background is-style-wide\"\/>\n\n\n\n<div style=\"height:30px\" aria-hidden=\"true\" class=\"wp-block-spacer\"><\/div>\n\n\n<ul class=\"wp-block-latest-posts__list wp-block-latest-posts\"><li><a class=\"wp-block-latest-posts__post-title\" href=\"https:\/\/pierremisiuk.fr\/index.php\/2023\/04\/22\/projet-ingenieur-de-deuxieme-annee\/\">Projet ing\u00e9nieur de deuxi\u00e8me ann\u00e9e<\/a><\/li>\n<\/ul>\n\n\n<div style=\"height:30px\" aria-hidden=\"true\" class=\"wp-block-spacer\"><\/div>\n\n\n\n<hr class=\"wp-block-separator has-text-color has-vivid-red-color has-alpha-channel-opacity has-vivid-red-background-color has-background is-style-wide\"\/>\n\n\n\n<iframe loading=\"lazy\" src=\"https:\/\/claude.site\/public\/artifacts\/a8df8936-0a9f-4d8f-9ac6-f78c32a90864\/embed\" title=\"Labyrinthe Informatique\" width=\"100%\" height=\"600\" frameborder=\"0\" allow=\"clipboard-write\" allowfullscreen><\/iframe>\n\n\n\n<hr class=\"wp-block-separator has-text-color has-vivid-red-color has-alpha-channel-opacity has-vivid-red-background-color has-background is-style-wide\"\/>\n\n\n\n<div style=\"height:30px\" aria-hidden=\"true\" class=\"wp-block-spacer\"><\/div>\n\n\n<nav class=\"has-small-font-size items-justified-center wp-block-navigation is-horizontal is-content-justification-center is-layout-flex wp-container-core-navigation-is-layout-769315fb wp-block-navigation-is-layout-flex\" aria-label=\"Footer\"><ul class=\"wp-block-navigation__container has-small-font-size items-justified-center wp-block-navigation has-small-font-size\"><li class=\"has-small-font-size wp-block-navigation-item wp-block-navigation-link\"><a class=\"wp-block-navigation-item__content\"  href=\"https:\/\/pierremisiuk.fr\/index.php\/confidentialite\/\"><span class=\"wp-block-navigation-item__label\">Politique de confidentialit\u00e9<\/span><\/a><\/li><\/ul>\n<div style=\"height:0px;width:0px\" aria-hidden=\"true\" class=\"wp-block-spacer wp-container-content-61193494\"><\/div>\n<\/nav>\n\n\n<div style=\"height:30px\" aria-hidden=\"true\" class=\"wp-block-spacer\"><\/div>\n","protected":false},"excerpt":{"rendered":"<p>Ing\u00e9nieur en informatique et \u00e9lectronique \u00e2g\u00e9 de 24 ans, je suis passionn\u00e9 par les nouvelles technologies, le crossfit et la conqu\u00eate spatiale. J&rsquo;aspire \u00e0 mettre en pratique les connaissances que j&rsquo;ai acquises au cours de ma formation afin de faire progresser les outils informatiques au sein des entreprises.<\/p>\n","protected":false},"author":2,"featured_media":0,"parent":0,"menu_order":0,"comment_status":"closed","ping_status":"closed","template":"","meta":{"footnotes":""},"class_list":["post-23","page","type-page","status-publish","hentry"],"_links":{"self":[{"href":"https:\/\/pierremisiuk.fr\/index.php\/wp-json\/wp\/v2\/pages\/23","targetHints":{"allow":["GET"]}}],"collection":[{"href":"https:\/\/pierremisiuk.fr\/index.php\/wp-json\/wp\/v2\/pages"}],"about":[{"href":"https:\/\/pierremisiuk.fr\/index.php\/wp-json\/wp\/v2\/types\/page"}],"author":[{"embeddable":true,"href":"https:\/\/pierremisiuk.fr\/index.php\/wp-json\/wp\/v2\/users\/2"}],"replies":[{"embeddable":true,"href":"https:\/\/pierremisiuk.fr\/index.php\/wp-json\/wp\/v2\/comments?post=23"}],"version-history":[{"count":81,"href":"https:\/\/pierremisiuk.fr\/index.php\/wp-json\/wp\/v2\/pages\/23\/revisions"}],"predecessor-version":[{"id":823,"href":"https:\/\/pierremisiuk.fr\/index.php\/wp-json\/wp\/v2\/pages\/23\/revisions\/823"}],"wp:attachment":[{"href":"https:\/\/pierremisiuk.fr\/index.php\/wp-json\/wp\/v2\/media?parent=23"}],"curies":[{"name":"wp","href":"https:\/\/api.w.org\/{rel}","templated":true}]}}